{"id":2992,"date":"2024-03-22T09:33:06","date_gmt":"2024-03-22T08:33:06","guid":{"rendered":"https:\/\/www.cissc.unipi.it\/DCP\/DCP24\/?page_id=2992"},"modified":"2024-06-04T22:52:13","modified_gmt":"2024-06-04T20:52:13","slug":"dcp24-invited-speakers","status":"publish","type":"page","link":"https:\/\/www.cissc.unipi.it\/DCP\/DCP24\/dcp24-invited-speakers\/","title":{"rendered":"DCP24 invited speakers"},"content":{"rendered":"\t\t<div data-elementor-type=\"wp-post\" data-elementor-id=\"2992\" class=\"elementor elementor-2992\">\n\t\t\t\t\t\t<section class=\"elementor-section elementor-top-section elementor-element elementor-element-bbd1dd9 elementor-section-boxed elementor-section-height-default elementor-section-height-default\" data-id=\"bbd1dd9\" data-element_type=\"section\">\n\t\t\t\t\t\t<div class=\"elementor-container elementor-column-gap-default\">\n\t\t\t\t\t<div class=\"elementor-column elementor-col-100 elementor-top-column elementor-element elementor-element-eec8e8b\" data-id=\"eec8e8b\" data-element_type=\"column\">\n\t\t\t<div class=\"elementor-widget-wrap elementor-element-populated\">\n\t\t\t\t\t\t<div class=\"elementor-element elementor-element-efdfcee elementor-widget elementor-widget-text-editor\" data-id=\"efdfcee\" data-element_type=\"widget\" data-widget_type=\"text-editor.default\">\n\t\t\t\t<div class=\"elementor-widget-container\">\n\t\t\t<style>\/*! elementor - v3.21.0 - 26-05-2024 *\/\n.elementor-widget-text-editor.elementor-drop-cap-view-stacked .elementor-drop-cap{background-color:#69727d;color:#fff}.elementor-widget-text-editor.elementor-drop-cap-view-framed .elementor-drop-cap{color:#69727d;border:3px solid;background-color:transparent}.elementor-widget-text-editor:not(.elementor-drop-cap-view-default) .elementor-drop-cap{margin-top:8px}.elementor-widget-text-editor:not(.elementor-drop-cap-view-default) .elementor-drop-cap-letter{width:1em;height:1em}.elementor-widget-text-editor .elementor-drop-cap{float:left;text-align:center;line-height:1;font-size:50px}.elementor-widget-text-editor .elementor-drop-cap-letter{display:inline-block}<\/style>        <div class=\"elementor-text-editor elementor-clearfix\"><ul>\n<li><b> Arti Ahluwalia <\/b> , Universit\u00e0 di Pisa &#8211; IT <\/li>\n<li><b> Lorenzo Gaetano Amato <\/b> , Scuola Superiore S.Anna, Pisa &#8211; IT <\/li>\n<li><b> Maurizio Benfatto <\/b> , INFN &#8211; IT <\/li>\n<li><b> Marco Bianucci <\/b> , ISMAR-CNR &#8211; IT <\/li>\n<li><b> Ranieri Bizzarri <\/b> , Universit\u00e0 di Pisa &#8211; IT <\/li>\n<li><b> Stefano Boccaletti <\/b> , ISC-CNR &#8211; IT <\/li>\n<li><b> Mauro Bologna  <\/b> , Universidad de Tarapac\u00e1, CH <\/li>\n<li><b> Marco Cafiso <\/b> , Universit\u00e0 di Pisa &#8211; IT <\/li>\n<li><b> Francesco Carli <\/b> , Universit\u00e0 di Pisa &#8211; IT <\/li>\n<li><b> Umberto Cherubini <\/b> , Universit\u00e0 di Bologna &#8211; IT <\/li>\n<li><b> Luca Dini <\/b> , ILC-CNR &#8211; IT <\/li>\n<li><b> Bertram Duering <\/b> , Warwick University &#8211; UK <\/li>\n<li><b> Louis Roberto Evangelista <\/b> , Universidade Estadual de Maring\u00e1 &#8211; BR <\/li>\n<li><b> Franco Flandoli <\/b> , Scuola Normale Superiore Pisa &#8211; IT <\/li>\n<li><b> Paolo Freguglia <\/b> , ex-Universit\u00e0 de L&#8217;Aquila &#8211; IT <\/li>\n<li><b> Nils Gauthier <\/b> , IFOM &#8211; IT <\/li>\n<li><b> Guido Germano <\/b> , University College of London &#8211; UK <\/li>\n<li><b> Michele Giusfredi <\/b> , Universit\u00e0 di Firenze &#8211; IT <\/li>\n<li><b> Paolo Grigolini  <\/b> , University of North Texas &#8211; USA <\/li>\n<li><b> Elke Heckner <\/b> , University of Iowa &#8211; USA <\/li>\n<li><b> Herbert Jelinek <\/b> , Kahlifa University &#8211; AE <\/li>\n<li><b> Maksim Kitsak <\/b> , Technical University Delft &#8211; NL <\/li>\n<li><b> Marta Leocata <\/b> , LUISS &#8211; IT <\/li>\n<li><b> Stefano Lepri <\/b> , ISC-CNR &#8211; IT <\/li>\n<li><b> Elena Levantini <\/b> , ITB-CNR &#8211; IT <\/li>\n<li><b> Fabrizio Lillo <\/b> , Scuola Normale Superiore Pisa &#8211; IT <\/li>\n<li><b> Roberto Livi <\/b> , Universit\u00e0 di Firenze &#8211; IT <\/li>\n<li><b> Giuseppe Longo <\/b> , \u00c9cole Normale Sup\u00e9rieure de Paris, FR <\/li>\n<li><b> Chiara Magliaro <\/b> , Universit\u00e0 di Pisa &#8211; IT <\/li>\n<li><b> Francesco Mainardi <\/b> , ex-Universit\u00e0 di Bologna &#8211; IT <\/li>\n<li><b> Francesco Marino <\/b> , INO-CNR &#8211; IT <\/li>\n<li><b> Chiara Maria Mazzanti <\/b> , Fondazione Pisana per la Scienza &#8211; IT <\/li>\n<li><b> Benedetta Mennucci <\/b> , Universit\u00e0 di Pisa &#8211; IT <\/li>\n<li><b> Mimma Nardelli <\/b> , Universit\u00e0 di Pisa &#8211; IT <\/li>\n<li><b> Alberto Ortolani <\/b> , IBE-CNR &#8211; IT <\/li>\n<li><b> Andrea Ortone <\/b> , Scuola Superiore S.Anna, Pisa &#8211; IT <\/li>\n<li><b> Elisabetta Pace <\/b> , INFN &#8211; IT <\/li>\n<li><b> Antonio Politi <\/b> , Aberdeen University &#8211; UK <\/li>\n<li><b> Giorgio Rizzini <\/b> , Scuola Normale Superiore Pisa &#8211; IT <\/li>\n<li><b> Giulio Rossetti <\/b> , ISTI-CNR &#8211; IT <\/li>\n<li><b> Enrico Scalas <\/b> , Sapienza Universit\u00e0 di Roma &#8211; IT <\/li>\n<li><b> Andrea Scarciglia <\/b> , Universit\u00e0 di Pisa &#8211; IT <\/li>\n<li><b> Giorgio Scita <\/b> , IFOM &#8211; IT <\/li>\n<li><b> Matteo Tanzi <\/b> , King&#8217;s College London &#8211; UK <\/li>\n<li><b> Alessandro Torcini <\/b> , ISC-CNR &#8211; IT <\/li>\n<li><b> Sandro Vaienti <\/b> , Universit\u00e9 de Toulon &#8211; FR <\/li>\n<li><b> Andrea Vandin <\/b> , Scuola Superiore S.Anna, Pisa &#8211; IT <\/li>\n<li><b> Fabio Vanni <\/b> , Universit\u00e0 dell&#8217;Insubria &#8211; IT <\/li>\n<li><b> Angelo Vulpiani <\/b> , Sapienza Universit\u00e0 di Roma &#8211; IT <\/li>\n<li><b> Bruce West <\/b> , University of North Texas &#8211; USA <\/li>\n<\/ul>\n<\/div>\n        \t\t<\/div>\n\t\t\t\t<\/div>\n\t\t\t\t\t<\/div>\n\t\t<\/div>\n\t\t\t\t\t<\/div>\n\t\t<\/section>\n\t\t\t\t<\/div>\n\t\t","protected":false},"excerpt":{"rendered":"<p>Arti Ahluwalia , Universit\u00e0 di Pisa &#8211; IT Lorenzo Gaetano Amato , Scuola Superiore S.Anna, Pisa &#8211; IT Maurizio Benfatto , INFN &#8211; IT Marco Bianucci , ISMAR-CNR &#8211; IT Ranieri Bizzarri , Universit\u00e0 di Pisa &#8211; IT Stefano Boccaletti , ISC-CNR &#8211; IT Mauro Bologna , Universidad de Tarapac\u00e1, CH Marco Cafiso , Universit\u00e0 &hellip; <span class=\"more-link-wrap\"><a href=\"https:\/\/www.cissc.unipi.it\/DCP\/DCP24\/dcp24-invited-speakers\/\" class=\"more-link\">Read More <span class=\"screen-reader-text\"> &#8220;DCP24 invited speakers&#8221;<\/span><\/a><\/span><\/p>\n","protected":false},"author":2,"featured_media":0,"parent":0,"menu_order":0,"comment_status":"closed","ping_status":"closed","template":"","meta":{"inline_featured_image":false,"footnotes":""},"class_list":["post-2992","page","type-page","status-publish","hentry"],"yoast_head":"<!-- This site is optimized with the Yoast SEO plugin v22.7 - https:\/\/yoast.com\/wordpress\/plugins\/seo\/ -->\n<title>DCP24 invited speakers - DCP24<\/title>\n<meta name=\"robots\" content=\"index, follow, max-snippet:-1, max-image-preview:large, max-video-preview:-1\" \/>\n<link rel=\"canonical\" href=\"https:\/\/www.cissc.unipi.it\/DCP\/DCP24\/dcp24-invited-speakers\/\" \/>\n<meta property=\"og:locale\" content=\"it_IT\" \/>\n<meta property=\"og:type\" content=\"article\" \/>\n<meta property=\"og:title\" content=\"DCP24 invited speakers - DCP24\" \/>\n<meta property=\"og:description\" content=\"Arti Ahluwalia , Universit\u00e0 di Pisa &#8211; IT Lorenzo Gaetano Amato , Scuola Superiore S.Anna, Pisa &#8211; IT Maurizio Benfatto , INFN &#8211; IT Marco Bianucci , ISMAR-CNR &#8211; IT Ranieri Bizzarri , Universit\u00e0 di Pisa &#8211; IT Stefano Boccaletti , ISC-CNR &#8211; IT Mauro Bologna , Universidad de Tarapac\u00e1, CH Marco Cafiso , Universit\u00e0 &hellip; Read More &quot;DCP24 invited speakers&quot;\" \/>\n<meta property=\"og:url\" content=\"https:\/\/www.cissc.unipi.it\/DCP\/DCP24\/dcp24-invited-speakers\/\" \/>\n<meta property=\"og:site_name\" content=\"DCP24\" \/>\n<meta property=\"article:modified_time\" content=\"2024-06-04T20:52:13+00:00\" \/>\n<meta name=\"twitter:card\" content=\"summary_large_image\" \/>\n<meta name=\"twitter:label1\" content=\"Tempo di lettura stimato\" \/>\n\t<meta name=\"twitter:data1\" content=\"2 minuti\" \/>\n<script type=\"application\/ld+json\" class=\"yoast-schema-graph\">{\"@context\":\"https:\/\/schema.org\",\"@graph\":[{\"@type\":\"WebPage\",\"@id\":\"https:\/\/www.cissc.unipi.it\/DCP\/DCP24\/dcp24-invited-speakers\/\",\"url\":\"https:\/\/www.cissc.unipi.it\/DCP\/DCP24\/dcp24-invited-speakers\/\",\"name\":\"DCP24 invited speakers - DCP24\",\"isPartOf\":{\"@id\":\"https:\/\/www.cissc.unipi.it\/DCP\/DCP24\/#website\"},\"datePublished\":\"2024-03-22T08:33:06+00:00\",\"dateModified\":\"2024-06-04T20:52:13+00:00\",\"breadcrumb\":{\"@id\":\"https:\/\/www.cissc.unipi.it\/DCP\/DCP24\/dcp24-invited-speakers\/#breadcrumb\"},\"inLanguage\":\"it-IT\",\"potentialAction\":[{\"@type\":\"ReadAction\",\"target\":[\"https:\/\/www.cissc.unipi.it\/DCP\/DCP24\/dcp24-invited-speakers\/\"]}]},{\"@type\":\"BreadcrumbList\",\"@id\":\"https:\/\/www.cissc.unipi.it\/DCP\/DCP24\/dcp24-invited-speakers\/#breadcrumb\",\"itemListElement\":[{\"@type\":\"ListItem\",\"position\":1,\"name\":\"Home\",\"item\":\"https:\/\/www.cissc.unipi.it\/DCP\/DCP24\/\"},{\"@type\":\"ListItem\",\"position\":2,\"name\":\"DCP24 invited speakers\"}]},{\"@type\":\"WebSite\",\"@id\":\"https:\/\/www.cissc.unipi.it\/DCP\/DCP24\/#website\",\"url\":\"https:\/\/www.cissc.unipi.it\/DCP\/DCP24\/\",\"name\":\"DCP24\",\"description\":\"Dynamics and Complexity Pisa 2024\",\"publisher\":{\"@id\":\"https:\/\/www.cissc.unipi.it\/DCP\/DCP24\/#organization\"},\"potentialAction\":[{\"@type\":\"SearchAction\",\"target\":{\"@type\":\"EntryPoint\",\"urlTemplate\":\"https:\/\/www.cissc.unipi.it\/DCP\/DCP24\/?s={search_term_string}\"},\"query-input\":\"required name=search_term_string\"}],\"inLanguage\":\"it-IT\"},{\"@type\":\"Organization\",\"@id\":\"https:\/\/www.cissc.unipi.it\/DCP\/DCP24\/#organization\",\"name\":\"DCP24\",\"url\":\"https:\/\/www.cissc.unipi.it\/DCP\/DCP24\/\",\"logo\":{\"@type\":\"ImageObject\",\"inLanguage\":\"it-IT\",\"@id\":\"https:\/\/www.cissc.unipi.it\/DCP\/DCP24\/#\/schema\/logo\/image\/\",\"url\":\"https:\/\/www.cissc.unipi.it\/DCP\/DCP24\/wp-content\/uploads\/2019\/07\/logo_dark.svg\",\"contentUrl\":\"https:\/\/www.cissc.unipi.it\/DCP\/DCP24\/wp-content\/uploads\/2019\/07\/logo_dark.svg\",\"width\":99,\"height\":36,\"caption\":\"DCP24\"},\"image\":{\"@id\":\"https:\/\/www.cissc.unipi.it\/DCP\/DCP24\/#\/schema\/logo\/image\/\"}}]}<\/script>\n<!-- \/ Yoast SEO plugin. -->","yoast_head_json":{"title":"DCP24 invited speakers - DCP24","robots":{"index":"index","follow":"follow","max-snippet":"max-snippet:-1","max-image-preview":"max-image-preview:large","max-video-preview":"max-video-preview:-1"},"canonical":"https:\/\/www.cissc.unipi.it\/DCP\/DCP24\/dcp24-invited-speakers\/","og_locale":"it_IT","og_type":"article","og_title":"DCP24 invited speakers - DCP24","og_description":"Arti Ahluwalia , Universit\u00e0 di Pisa &#8211; IT Lorenzo Gaetano Amato , Scuola Superiore S.Anna, Pisa &#8211; IT Maurizio Benfatto , INFN &#8211; IT Marco Bianucci , ISMAR-CNR &#8211; IT Ranieri Bizzarri , Universit\u00e0 di Pisa &#8211; IT Stefano Boccaletti , ISC-CNR &#8211; IT Mauro Bologna , Universidad de Tarapac\u00e1, CH Marco Cafiso , Universit\u00e0 &hellip; Read More \"DCP24 invited speakers\"","og_url":"https:\/\/www.cissc.unipi.it\/DCP\/DCP24\/dcp24-invited-speakers\/","og_site_name":"DCP24","article_modified_time":"2024-06-04T20:52:13+00:00","twitter_card":"summary_large_image","twitter_misc":{"Tempo di lettura stimato":"2 minuti"},"schema":{"@context":"https:\/\/schema.org","@graph":[{"@type":"WebPage","@id":"https:\/\/www.cissc.unipi.it\/DCP\/DCP24\/dcp24-invited-speakers\/","url":"https:\/\/www.cissc.unipi.it\/DCP\/DCP24\/dcp24-invited-speakers\/","name":"DCP24 invited speakers - DCP24","isPartOf":{"@id":"https:\/\/www.cissc.unipi.it\/DCP\/DCP24\/#website"},"datePublished":"2024-03-22T08:33:06+00:00","dateModified":"2024-06-04T20:52:13+00:00","breadcrumb":{"@id":"https:\/\/www.cissc.unipi.it\/DCP\/DCP24\/dcp24-invited-speakers\/#breadcrumb"},"inLanguage":"it-IT","potentialAction":[{"@type":"ReadAction","target":["https:\/\/www.cissc.unipi.it\/DCP\/DCP24\/dcp24-invited-speakers\/"]}]},{"@type":"BreadcrumbList","@id":"https:\/\/www.cissc.unipi.it\/DCP\/DCP24\/dcp24-invited-speakers\/#breadcrumb","itemListElement":[{"@type":"ListItem","position":1,"name":"Home","item":"https:\/\/www.cissc.unipi.it\/DCP\/DCP24\/"},{"@type":"ListItem","position":2,"name":"DCP24 invited speakers"}]},{"@type":"WebSite","@id":"https:\/\/www.cissc.unipi.it\/DCP\/DCP24\/#website","url":"https:\/\/www.cissc.unipi.it\/DCP\/DCP24\/","name":"DCP24","description":"Dynamics and Complexity Pisa 2024","publisher":{"@id":"https:\/\/www.cissc.unipi.it\/DCP\/DCP24\/#organization"},"potentialAction":[{"@type":"SearchAction","target":{"@type":"EntryPoint","urlTemplate":"https:\/\/www.cissc.unipi.it\/DCP\/DCP24\/?s={search_term_string}"},"query-input":"required name=search_term_string"}],"inLanguage":"it-IT"},{"@type":"Organization","@id":"https:\/\/www.cissc.unipi.it\/DCP\/DCP24\/#organization","name":"DCP24","url":"https:\/\/www.cissc.unipi.it\/DCP\/DCP24\/","logo":{"@type":"ImageObject","inLanguage":"it-IT","@id":"https:\/\/www.cissc.unipi.it\/DCP\/DCP24\/#\/schema\/logo\/image\/","url":"https:\/\/www.cissc.unipi.it\/DCP\/DCP24\/wp-content\/uploads\/2019\/07\/logo_dark.svg","contentUrl":"https:\/\/www.cissc.unipi.it\/DCP\/DCP24\/wp-content\/uploads\/2019\/07\/logo_dark.svg","width":99,"height":36,"caption":"DCP24"},"image":{"@id":"https:\/\/www.cissc.unipi.it\/DCP\/DCP24\/#\/schema\/logo\/image\/"}}]}},"_links":{"self":[{"href":"https:\/\/www.cissc.unipi.it\/DCP\/DCP24\/wp-json\/wp\/v2\/pages\/2992","targetHints":{"allow":["GET"]}}],"collection":[{"href":"https:\/\/www.cissc.unipi.it\/DCP\/DCP24\/wp-json\/wp\/v2\/pages"}],"about":[{"href":"https:\/\/www.cissc.unipi.it\/DCP\/DCP24\/wp-json\/wp\/v2\/types\/page"}],"author":[{"embeddable":true,"href":"https:\/\/www.cissc.unipi.it\/DCP\/DCP24\/wp-json\/wp\/v2\/users\/2"}],"replies":[{"embeddable":true,"href":"https:\/\/www.cissc.unipi.it\/DCP\/DCP24\/wp-json\/wp\/v2\/comments?post=2992"}],"version-history":[{"count":7,"href":"https:\/\/www.cissc.unipi.it\/DCP\/DCP24\/wp-json\/wp\/v2\/pages\/2992\/revisions"}],"predecessor-version":[{"id":3168,"href":"https:\/\/www.cissc.unipi.it\/DCP\/DCP24\/wp-json\/wp\/v2\/pages\/2992\/revisions\/3168"}],"wp:attachment":[{"href":"https:\/\/www.cissc.unipi.it\/DCP\/DCP24\/wp-json\/wp\/v2\/media?parent=2992"}],"curies":[{"name":"wp","href":"https:\/\/api.w.org\/{rel}","templated":true}]}}